{"id":1479,"date":"2019-06-10T12:45:51","date_gmt":"2019-06-10T10:45:51","guid":{"rendered":"https:\/\/kidsdance-kiel.de\/?page_id=1479"},"modified":"2019-06-10T12:45:52","modified_gmt":"2019-06-10T10:45:52","slug":"spaetschicht-kulturnacht-holtenauer-str","status":"publish","type":"page","link":"https:\/\/kidsdance-kiel.de\/?page_id=1479","title":{"rendered":"Sp\u00e4tschicht\/Kulturnacht Holtenauer Str"},"content":{"rendered":"\n<p>Wir durften uns bei der Sp\u00e4tschicht unter dem Motto Kulturnacht in der Holtenauer Str pr\u00e4sentieren.<\/p>\n\n\n\n<p>Vielen lieben Dank an die Kieler Volksbank die uns den Platz und Verpflegung zu Verf\u00fcgung gestellt hat.<\/p>\n\n\n\n<p>F\u00fcr die Fotos bedanken wir uns bei Peter Fichtner und Manja Schnoor<\/p>\n\n\n\nngg_shortcode_0_placeholder\n","protected":false},"excerpt":{"rendered":"<p>Wir durften uns bei der Sp\u00e4tschicht unter dem Motto Kulturnacht in der Holtenauer Str pr\u00e4sentieren. Vielen lieben Dank an die Kieler Volksbank die uns den Platz und Verpflegung zu Verf\u00fcgung gestellt hat. F\u00fcr die&#46;&#46;&#46;<\/p>\n","protected":false},"author":3,"featured_media":0,"parent":0,"menu_order":0,"comment_status":"closed","ping_status":"closed","template":"","meta":{"ngg_post_thumbnail":0,"footnotes":""},"_links":{"self":[{"href":"https:\/\/kidsdance-kiel.de\/index.php?rest_route=\/wp\/v2\/pages\/1479"}],"collection":[{"href":"https:\/\/kidsdance-kiel.de\/index.php?rest_route=\/wp\/v2\/pages"}],"about":[{"href":"https:\/\/kidsdance-kiel.de\/index.php?rest_route=\/wp\/v2\/types\/page"}],"author":[{"embeddable":true,"href":"https:\/\/kidsdance-kiel.de\/index.php?rest_route=\/wp\/v2\/users\/3"}],"replies":[{"embeddable":true,"href":"https:\/\/kidsdance-kiel.de\/index.php?rest_route=%2Fwp%2Fv2%2Fcomments&post=1479"}],"version-history":[{"count":1,"href":"https:\/\/kidsdance-kiel.de\/index.php?rest_route=\/wp\/v2\/pages\/1479\/revisions"}],"predecessor-version":[{"id":1480,"href":"https:\/\/kidsdance-kiel.de\/index.php?rest_route=\/wp\/v2\/pages\/1479\/revisions\/1480"}],"wp:attachment":[{"href":"https:\/\/kidsdance-kiel.de\/index.php?rest_route=%2Fwp%2Fv2%2Fmedia&parent=1479"}],"curies":[{"name":"wp","href":"https:\/\/api.w.org\/{rel}","templated":true}]}}