{"id":1833,"date":"2019-10-06T11:04:58","date_gmt":"2019-10-06T09:04:58","guid":{"rendered":"https:\/\/kidsdance-kiel.de\/?page_id=1833"},"modified":"2019-10-06T11:06:22","modified_gmt":"2019-10-06T09:06:22","slug":"tag-der-deutschen-einheit-2019","status":"publish","type":"page","link":"https:\/\/kidsdance-kiel.de\/?page_id=1833","title":{"rendered":"Tag der deutschen Einheit 2019"},"content":{"rendered":"\n<p>Am 03.10 wurde in Kiel unter dem Motto &#8222;Mut verbindet&#8220; der Tag der deutschen Einheit gefeiert. Wir durften am Vormittag als aller erstes auf der gro\u00dfe RSH B\u00fchne auftreten und am Nachmittag im Schlo\u00dfgarten wo wir auch zusammen mit allen anderen Kinder getanzt haben.<\/p>\n\n\n\n<p>Vielen Dank an Peter Fichtner f\u00fcr die Fotos<\/p>\n\n\n\nngg_shortcode_0_placeholder\n","protected":false},"excerpt":{"rendered":"<p>Am 03.10 wurde in Kiel unter dem Motto &#8222;Mut verbindet&#8220; der Tag der deutschen Einheit gefeiert. Wir durften am Vormittag als aller erstes auf der gro\u00dfe RSH B\u00fchne auftreten und am Nachmittag im Schlo\u00dfgarten&#46;&#46;&#46;<\/p>\n","protected":false},"author":3,"featured_media":0,"parent":0,"menu_order":0,"comment_status":"closed","ping_status":"closed","template":"","meta":{"ngg_post_thumbnail":0,"footnotes":""},"_links":{"self":[{"href":"https:\/\/kidsdance-kiel.de\/index.php?rest_route=\/wp\/v2\/pages\/1833"}],"collection":[{"href":"https:\/\/kidsdance-kiel.de\/index.php?rest_route=\/wp\/v2\/pages"}],"about":[{"href":"https:\/\/kidsdance-kiel.de\/index.php?rest_route=\/wp\/v2\/types\/page"}],"author":[{"embeddable":true,"href":"https:\/\/kidsdance-kiel.de\/index.php?rest_route=\/wp\/v2\/users\/3"}],"replies":[{"embeddable":true,"href":"https:\/\/kidsdance-kiel.de\/index.php?rest_route=%2Fwp%2Fv2%2Fcomments&post=1833"}],"version-history":[{"count":3,"href":"https:\/\/kidsdance-kiel.de\/index.php?rest_route=\/wp\/v2\/pages\/1833\/revisions"}],"predecessor-version":[{"id":1837,"href":"https:\/\/kidsdance-kiel.de\/index.php?rest_route=\/wp\/v2\/pages\/1833\/revisions\/1837"}],"wp:attachment":[{"href":"https:\/\/kidsdance-kiel.de\/index.php?rest_route=%2Fwp%2Fv2%2Fmedia&parent=1833"}],"curies":[{"name":"wp","href":"https:\/\/api.w.org\/{rel}","templated":true}]}}