{"id":1902,"date":"2020-01-24T22:38:34","date_gmt":"2020-01-24T20:38:34","guid":{"rendered":"https:\/\/kidsdance-kiel.de\/?page_id=1902"},"modified":"2020-01-24T23:12:19","modified_gmt":"2020-01-24T21:12:19","slug":"adventsfeier-friedrichsort-2019","status":"publish","type":"page","link":"https:\/\/kidsdance-kiel.de\/?page_id=1902","title":{"rendered":"Adventsfeier Friedrichsort 2019"},"content":{"rendered":"\n<p>F\u00fcr diese Auftrittsm\u00f6glichkeit, die tolle Atmosph\u00e4re und die Einladung an der Adventsfeier teilnehmen zu d\u00fcrfen, m\u00f6chten wir uns herzlich bei B\u00e4rbel Keller und der Ev.-Luth. Kirchengemeinde Pries-Friedrichsort bedanken. <\/p>\n\n\n\nngg_shortcode_0_placeholder\n","protected":false},"excerpt":{"rendered":"<p>F\u00fcr diese Auftrittsm\u00f6glichkeit, die tolle Atmosph\u00e4re und die Einladung an der Adventsfeier teilnehmen zu d\u00fcrfen, m\u00f6chten wir uns herzlich bei B\u00e4rbel Keller und der Ev.-Luth. Kirchengemeinde Pries-Friedrichsort bedanken.<\/p>\n","protected":false},"author":3,"featured_media":0,"parent":0,"menu_order":0,"comment_status":"closed","ping_status":"closed","template":"","meta":{"ngg_post_thumbnail":0,"footnotes":""},"_links":{"self":[{"href":"https:\/\/kidsdance-kiel.de\/index.php?rest_route=\/wp\/v2\/pages\/1902"}],"collection":[{"href":"https:\/\/kidsdance-kiel.de\/index.php?rest_route=\/wp\/v2\/pages"}],"about":[{"href":"https:\/\/kidsdance-kiel.de\/index.php?rest_route=\/wp\/v2\/types\/page"}],"author":[{"embeddable":true,"href":"https:\/\/kidsdance-kiel.de\/index.php?rest_route=\/wp\/v2\/users\/3"}],"replies":[{"embeddable":true,"href":"https:\/\/kidsdance-kiel.de\/index.php?rest_route=%2Fwp%2Fv2%2Fcomments&post=1902"}],"version-history":[{"count":7,"href":"https:\/\/kidsdance-kiel.de\/index.php?rest_route=\/wp\/v2\/pages\/1902\/revisions"}],"predecessor-version":[{"id":1960,"href":"https:\/\/kidsdance-kiel.de\/index.php?rest_route=\/wp\/v2\/pages\/1902\/revisions\/1960"}],"wp:attachment":[{"href":"https:\/\/kidsdance-kiel.de\/index.php?rest_route=%2Fwp%2Fv2%2Fmedia&parent=1902"}],"curies":[{"name":"wp","href":"https:\/\/api.w.org\/{rel}","templated":true}]}}