{"id":1986,"date":"2020-02-03T11:39:08","date_gmt":"2020-02-03T09:39:08","guid":{"rendered":"https:\/\/kidsdance-kiel.de\/?page_id=1986"},"modified":"2021-08-02T13:28:14","modified_gmt":"2021-08-02T11:28:14","slug":"ranzenparty-hugohamann-2020","status":"publish","type":"page","link":"https:\/\/kidsdance-kiel.de\/?page_id=1986","title":{"rendered":"Ranzenparty von Hugo Hamann 2020"},"content":{"rendered":"\r\n<p>Auch in diesem Jahr durften wir bei der Ranzenparty unser K\u00f6nnen zeigen. Vielen Dank an die Firma Hugo Hamann f\u00fcr die Organisation und die Geschenke!<\/p>\r\n\r\n\r\n\r\n<p>F\u00fcr die Fotos bedanken wir uns bei Peter Fichtner<\/p>\r\n\r\n\r\n\r\nngg_shortcode_0_placeholder\r\n","protected":false},"excerpt":{"rendered":"<p>Auch in diesem Jahr durften wir bei der Ranzenparty unser K\u00f6nnen zeigen. Vielen Dank an die Firma Hugo Hamann f\u00fcr die Organisation und die Geschenke! F\u00fcr die Fotos bedanken wir uns bei Peter Fichtner<\/p>\n","protected":false},"author":3,"featured_media":0,"parent":0,"menu_order":0,"comment_status":"closed","ping_status":"closed","template":"","meta":{"ngg_post_thumbnail":0,"footnotes":""},"_links":{"self":[{"href":"https:\/\/kidsdance-kiel.de\/index.php?rest_route=\/wp\/v2\/pages\/1986"}],"collection":[{"href":"https:\/\/kidsdance-kiel.de\/index.php?rest_route=\/wp\/v2\/pages"}],"about":[{"href":"https:\/\/kidsdance-kiel.de\/index.php?rest_route=\/wp\/v2\/types\/page"}],"author":[{"embeddable":true,"href":"https:\/\/kidsdance-kiel.de\/index.php?rest_route=\/wp\/v2\/users\/3"}],"replies":[{"embeddable":true,"href":"https:\/\/kidsdance-kiel.de\/index.php?rest_route=%2Fwp%2Fv2%2Fcomments&post=1986"}],"version-history":[{"count":6,"href":"https:\/\/kidsdance-kiel.de\/index.php?rest_route=\/wp\/v2\/pages\/1986\/revisions"}],"predecessor-version":[{"id":2070,"href":"https:\/\/kidsdance-kiel.de\/index.php?rest_route=\/wp\/v2\/pages\/1986\/revisions\/2070"}],"wp:attachment":[{"href":"https:\/\/kidsdance-kiel.de\/index.php?rest_route=%2Fwp%2Fv2%2Fmedia&parent=1986"}],"curies":[{"name":"wp","href":"https:\/\/api.w.org\/{rel}","templated":true}]}}