{"id":40,"date":"2018-03-11T14:11:57","date_gmt":"2018-03-11T14:11:57","guid":{"rendered":"http:\/\/kidsdance.tanzen-in-kiel.de\/?page_id=40"},"modified":"2022-06-25T22:37:45","modified_gmt":"2022-06-25T20:37:45","slug":"auftritte-fotos","status":"publish","type":"page","link":"https:\/\/kidsdance-kiel.de\/?page_id=40","title":{"rendered":"Auftritte &#038; Fotos"},"content":{"rendered":"<h2 style=\"text-align: center;\"><strong>N\u00e4chsten Auftritte:<\/strong><\/h2>\n<h3 style=\"text-align: center;\">&nbsp;<\/h3>\n<p>&nbsp;<\/p>\n<h4 style=\"text-align: center;\">&nbsp;<\/h4>\n<h4 style=\"text-align: center;\">&nbsp;<\/h4>\n<p>&nbsp;<\/p>\n<h2 style=\"text-align: center;\">&nbsp;<\/h2>\n<h2 style=\"text-align: center;\">&nbsp;<\/h2>\n<hr>\n<h2>&nbsp;<\/h2>\n<h3 style=\"text-align: center;\"><strong>Wenn wir einen Auftritt haben oder eine Feier,&nbsp;dann haben wir nat\u00fcrlich auch BILDER&nbsp;!!<\/strong><\/h3>\n<h3>&nbsp;<\/h3>\n<h3 style=\"text-align: center;\"><strong>W\u00e4hle einfach oben im&nbsp;Men\u00fc aus!<\/strong><\/h3>\n<p>&nbsp;<\/p>\n<p>&nbsp;<\/p>\n<p>&nbsp;<\/p>\n<p>&nbsp;<\/p>\n","protected":false},"excerpt":{"rendered":"<p>N\u00e4chsten Auftritte: &nbsp; &nbsp; &nbsp; &nbsp; &nbsp; &nbsp; &nbsp; &nbsp; Wenn wir einen Auftritt haben oder eine Feier,&nbsp;dann haben wir nat\u00fcrlich auch BILDER&nbsp;!! &nbsp; W\u00e4hle einfach oben im&nbsp;Men\u00fc aus! &nbsp; &nbsp; &nbsp; &nbsp;<\/p>\n","protected":false},"author":3,"featured_media":0,"parent":0,"menu_order":2,"comment_status":"closed","ping_status":"closed","template":"","meta":{"ngg_post_thumbnail":0,"footnotes":""},"_links":{"self":[{"href":"https:\/\/kidsdance-kiel.de\/index.php?rest_route=\/wp\/v2\/pages\/40"}],"collection":[{"href":"https:\/\/kidsdance-kiel.de\/index.php?rest_route=\/wp\/v2\/pages"}],"about":[{"href":"https:\/\/kidsdance-kiel.de\/index.php?rest_route=\/wp\/v2\/types\/page"}],"author":[{"embeddable":true,"href":"https:\/\/kidsdance-kiel.de\/index.php?rest_route=\/wp\/v2\/users\/3"}],"replies":[{"embeddable":true,"href":"https:\/\/kidsdance-kiel.de\/index.php?rest_route=%2Fwp%2Fv2%2Fcomments&post=40"}],"version-history":[{"count":16,"href":"https:\/\/kidsdance-kiel.de\/index.php?rest_route=\/wp\/v2\/pages\/40\/revisions"}],"predecessor-version":[{"id":2125,"href":"https:\/\/kidsdance-kiel.de\/index.php?rest_route=\/wp\/v2\/pages\/40\/revisions\/2125"}],"wp:attachment":[{"href":"https:\/\/kidsdance-kiel.de\/index.php?rest_route=%2Fwp%2Fv2%2Fmedia&parent=40"}],"curies":[{"name":"wp","href":"https:\/\/api.w.org\/{rel}","templated":true}]}}