{"id":49,"date":"2018-03-27T08:35:59","date_gmt":"2018-03-27T06:35:59","guid":{"rendered":"http:\/\/kidsdance.tanzen-in-kiel.de\/?page_id=49"},"modified":"2020-08-24T22:57:13","modified_gmt":"2020-08-24T20:57:13","slug":"tuerkce","status":"publish","type":"page","link":"https:\/\/kidsdance-kiel.de\/?page_id=49","title":{"rendered":"T\u00fcrk\u00e7e"},"content":{"rendered":"<h1 style=\"text-align: center;\">Sizlere ihtiyac\u0131m\u0131z var!<\/h1>\n<p style=\"text-align: center;\">\u00c7ocuk dans grubumuz -Kidsdance- yeni dans\u00e7\u0131lar ar\u0131yor<br \/>\nSende kat\u0131lmak istermisin?<br \/>\nO zaman bu adreslere gel:<\/p>\n<p style=\"text-align: center;\"><strong>Pastor-Lensch-Haus, Friedrichsorter Str. 22, 24159 Kiel<\/strong><\/p>\n<p style=\"text-align: center;\">Sal\u0131 g\u00fcnleri: Saat 17:00 \u2013 18:00<br \/>\nPer\u015fembe g\u00fcnleri: Saat 17:00 \u2013 18:00<br \/>\n3 ve 6 ya\u015f aras\u0131 \u00e7ocuklar i\u00e7in<\/p>\n<p style=\"text-align: center;\"><strong>Tanzsportzentrum, Suchskrug 1, 24107 Kiel<\/strong><\/p>\n<p style=\"text-align: center;\">Cuma g\u00fcnleri: Saat 16:00 &#8211; 16:45 + 16:45 &#8211; 17:30<br \/>\n3 ve 6 ya\u015f aras\u0131 \u00e7ocuklar i\u00e7in<\/p>\n<p style=\"text-align: center;\">Ba\u015f\u0131na 16,50 \u20ac ayl\u0131k<\/p>\n<p><img loading=\"lazy\" decoding=\"async\" class=\"size-full wp-image-71 aligncenter\" src=\"http:\/\/kidsdance.tanzen-in-kiel.de\/wp-content\/uploads\/2018\/03\/Kiddancegesicht2011.jpg\" alt=\"\" width=\"844\" height=\"852\" srcset=\"https:\/\/kidsdance-kiel.de\/wp-content\/uploads\/2018\/03\/Kiddancegesicht2011.jpg 844w, https:\/\/kidsdance-kiel.de\/wp-content\/uploads\/2018\/03\/Kiddancegesicht2011-150x150.jpg 150w, https:\/\/kidsdance-kiel.de\/wp-content\/uploads\/2018\/03\/Kiddancegesicht2011-297x300.jpg 297w, https:\/\/kidsdance-kiel.de\/wp-content\/uploads\/2018\/03\/Kiddancegesicht2011-768x775.jpg 768w\" sizes=\"(max-width: 844px) 100vw, 844px\" \/><\/p>\n","protected":false},"excerpt":{"rendered":"<p>Sizlere ihtiyac\u0131m\u0131z var! \u00c7ocuk dans grubumuz -Kidsdance- yeni dans\u00e7\u0131lar ar\u0131yor Sende kat\u0131lmak istermisin? O zaman bu adreslere gel: Pastor-Lensch-Haus, Friedrichsorter Str. 22, 24159 Kiel Sal\u0131 g\u00fcnleri: Saat 17:00 \u2013 18:00 Per\u015fembe g\u00fcnleri: Saat 17:00&#46;&#46;&#46;<\/p>\n","protected":false},"author":3,"featured_media":0,"parent":0,"menu_order":7,"comment_status":"closed","ping_status":"closed","template":"","meta":{"ngg_post_thumbnail":0,"footnotes":""},"_links":{"self":[{"href":"https:\/\/kidsdance-kiel.de\/index.php?rest_route=\/wp\/v2\/pages\/49"}],"collection":[{"href":"https:\/\/kidsdance-kiel.de\/index.php?rest_route=\/wp\/v2\/pages"}],"about":[{"href":"https:\/\/kidsdance-kiel.de\/index.php?rest_route=\/wp\/v2\/types\/page"}],"author":[{"embeddable":true,"href":"https:\/\/kidsdance-kiel.de\/index.php?rest_route=\/wp\/v2\/users\/3"}],"replies":[{"embeddable":true,"href":"https:\/\/kidsdance-kiel.de\/index.php?rest_route=%2Fwp%2Fv2%2Fcomments&post=49"}],"version-history":[{"count":15,"href":"https:\/\/kidsdance-kiel.de\/index.php?rest_route=\/wp\/v2\/pages\/49\/revisions"}],"predecessor-version":[{"id":2036,"href":"https:\/\/kidsdance-kiel.de\/index.php?rest_route=\/wp\/v2\/pages\/49\/revisions\/2036"}],"wp:attachment":[{"href":"https:\/\/kidsdance-kiel.de\/index.php?rest_route=%2Fwp%2Fv2%2Fmedia&parent=49"}],"curies":[{"name":"wp","href":"https:\/\/api.w.org\/{rel}","templated":true}]}}