{"id":51,"date":"2018-03-27T08:36:42","date_gmt":"2018-03-27T06:36:42","guid":{"rendered":"http:\/\/kidsdance.tanzen-in-kiel.de\/?page_id=51"},"modified":"2019-01-30T15:46:43","modified_gmt":"2019-01-30T13:46:43","slug":"fuer-vaeter-und-muetter","status":"publish","type":"page","link":"https:\/\/kidsdance-kiel.de\/?page_id=51","title":{"rendered":"F\u00fcr V\u00e4ter und M\u00fctter"},"content":{"rendered":"<p style=\"text-align: center;\"><strong>KidsDance macht eine Haufen Spa\u00df, aber es gibt dabei nat\u00fcrlich auch einen gewissen Wert, der \u00fcber die einfache Freizeitgestaltung hinaus geht&#8230;<\/strong><\/p>\n<p style=\"text-align: center;\">Die k\u00f6rperbezogene Erziehung ist ein unaustauschbarer, vielseitiger Beitrag zur altersgem\u00e4\u00dfen Entwicklung der Kinder und Jugendlichen. Kinder und Jugendliche sollen durch Bewegung, Spiel und Sport eine ganzheitliche Entwicklungsf\u00f6rderung genie\u00dfen und f\u00e4hig sein, an der aktuellen Bewegungs-, Spiel- und Sportkultur teilzunehmen.<\/p>\n<p style=\"text-align: center;\">Der Tanzsport ist f\u00fcr die o. g. Zielsetzungen besonders geeignet, da er bei der k\u00f6rperbezogenen Erziehung und Sportt\u00e4tigkeit zus\u00e4tzlich rhythmische und musikalische Aspekte einbezieht.<\/p>\n<p style=\"text-align: center;\">Neben Sport und Spiel stehen im Vordergrund die F\u00f6rderung der Beweglichkeit, der Konzentration, der k\u00f6rperlichen Fitness und der Koordination. Hinzu kommen die Verbesserung der Sozialkompetenz und der Teamf\u00e4higkeit.<\/p>\n<p style=\"text-align: center;\">Zur Beherrschung der komplexen Bewegungsabl\u00e4ufe ist ein Einstieg mit jungen Jahren sogar sehr von Vorteil f\u00fcr eine m\u00f6gliche sp\u00e4tere erfolgreiche Tanzlaufbahn oder sogar ein Einstieg in den Leistungssport.<\/p>\n<p style=\"text-align: center;\">Falls Sie hier\u00fcber hinaus gehende Information w\u00fcnschen, rufen Sie uns gern an<\/p>\n<p style=\"text-align: center;\">Tel. 0431 \/ 329 039 17<\/p>\n","protected":false},"excerpt":{"rendered":"<p>KidsDance macht eine Haufen Spa\u00df, aber es gibt dabei nat\u00fcrlich auch einen gewissen Wert, der \u00fcber die einfache Freizeitgestaltung hinaus geht&#8230; Die k\u00f6rperbezogene Erziehung ist ein unaustauschbarer, vielseitiger Beitrag zur altersgem\u00e4\u00dfen Entwicklung der Kinder&#46;&#46;&#46;<\/p>\n","protected":false},"author":3,"featured_media":0,"parent":0,"menu_order":9,"comment_status":"closed","ping_status":"closed","template":"","meta":{"ngg_post_thumbnail":0,"footnotes":""},"_links":{"self":[{"href":"https:\/\/kidsdance-kiel.de\/index.php?rest_route=\/wp\/v2\/pages\/51"}],"collection":[{"href":"https:\/\/kidsdance-kiel.de\/index.php?rest_route=\/wp\/v2\/pages"}],"about":[{"href":"https:\/\/kidsdance-kiel.de\/index.php?rest_route=\/wp\/v2\/types\/page"}],"author":[{"embeddable":true,"href":"https:\/\/kidsdance-kiel.de\/index.php?rest_route=\/wp\/v2\/users\/3"}],"replies":[{"embeddable":true,"href":"https:\/\/kidsdance-kiel.de\/index.php?rest_route=%2Fwp%2Fv2%2Fcomments&post=51"}],"version-history":[{"count":4,"href":"https:\/\/kidsdance-kiel.de\/index.php?rest_route=\/wp\/v2\/pages\/51\/revisions"}],"predecessor-version":[{"id":739,"href":"https:\/\/kidsdance-kiel.de\/index.php?rest_route=\/wp\/v2\/pages\/51\/revisions\/739"}],"wp:attachment":[{"href":"https:\/\/kidsdance-kiel.de\/index.php?rest_route=%2Fwp%2Fv2%2Fmedia&parent=51"}],"curies":[{"name":"wp","href":"https:\/\/api.w.org\/{rel}","templated":true}]}}