{"id":53,"date":"2018-03-27T08:37:11","date_gmt":"2018-03-27T06:37:11","guid":{"rendered":"http:\/\/kidsdance.tanzen-in-kiel.de\/?page_id=53"},"modified":"2018-12-29T14:57:20","modified_gmt":"2018-12-29T12:57:20","slug":"kids-in-die-clubs","status":"publish","type":"page","link":"https:\/\/kidsdance-kiel.de\/?page_id=53","title":{"rendered":"Kids in die Clubs"},"content":{"rendered":"<p><img loading=\"lazy\" decoding=\"async\" class=\"alignnone size-full wp-image-55\" src=\"http:\/\/kidsdance.tanzen-in-kiel.de\/wp-content\/uploads\/2018\/03\/kidsindieclubs.jpg\" alt=\"\" width=\"430\" height=\"89\" srcset=\"https:\/\/kidsdance-kiel.de\/wp-content\/uploads\/2018\/03\/kidsindieclubs.jpg 430w, https:\/\/kidsdance-kiel.de\/wp-content\/uploads\/2018\/03\/kidsindieclubs-300x62.jpg 300w\" sizes=\"(max-width: 430px) 100vw, 430px\" \/><\/p>\n<p>Die Landeshauptstadt Kiel, der Sportverband Kiel e.V. und das Bundesministerium f\u00fcr Familien, Senioren, Frauen und Jugend setzen sich daf\u00fcr ein, f\u00fcr Kinder aus finanzschwachen Familien die Mitgliedsbeitr\u00e4ge f\u00fcr teilnehmende Sportvereine zu \u00fcbernehmen und so den Zugang zum Vereinssport zu erleichtern. Berechtigte erhalten einen sogenannte Bildungskarte von der f\u00fcr sie zust\u00e4ndigen Sozialbeh\u00f6rde, z.B. ARGE.<\/p>\n<p>Wir akzeptieren diese Bildungskarten in unseren KidsDance &#8211; Gruppen, Hip Hop &#8211; Gruppen und in unseren Jugendtanzkreisen. Die Karten sind allerdings auf einen maximalen Zeitraum von 12 Monaten begrenzt und decken den Mitgliedsbeitrag nicht vollumf\u00e4nglich, so dass ein geringes zus\u00e4tzliches Entgelt von den Eltern zu zahlen ist. Dieses bewegt sich in der Regel im Bereich zwischen \u20ac 4,50 und \u20ac 8,50 monatlich. Nach Ablauf der G\u00fcltigkeit tritt die Zahlungspflicht wieder ein, wenn das Kartenguthaben nicht wieder aufgef\u00fcllt werden kann. Nach Ablauf der G\u00fcltigkeit k\u00f6nnen nur die Eltern sich um eine Verl\u00e4ngerung k\u00fcmmern. Die K\u00fcndigungsfristen m\u00fcssen auch nach Ablauf der G\u00fcltigkeit weiterhin beachtet werden. Das bedeutet, dass die Mitgliedschaft auch ohne Guthaben auf der Bildungskarte bestehen bleibt bis sie schriftlich gek\u00fcndigt wurde.<\/p>\n<p>Haben Sie eine Bildungskarte von Ihrem Leistungstr\u00e4ger erhalten? Dann legen Sie uns diese als Kopie zusammen mit dem entsprechenden Bescheid vor. Den Rest erledigen wir f\u00fcr Sie.<\/p>\n<p>Ansprechpartner ist:<\/p>\n<p>Landeshauptstadt Kiel,&nbsp; Amt f\u00fcr soziale Dienste,<\/p>\n<p>Stephan-Heinzel-Stra\u00dfe &nbsp;2, 24116 Kiel<\/p>\n<p>Tel. 0431 \/ 901 &#8211; 31 07<\/p>\n","protected":false},"excerpt":{"rendered":"<p>Die Landeshauptstadt Kiel, der Sportverband Kiel e.V. und das Bundesministerium f\u00fcr Familien, Senioren, Frauen und Jugend setzen sich daf\u00fcr ein, f\u00fcr Kinder aus finanzschwachen Familien die Mitgliedsbeitr\u00e4ge f\u00fcr teilnehmende Sportvereine zu \u00fcbernehmen und so&#46;&#46;&#46;<\/p>\n","protected":false},"author":3,"featured_media":0,"parent":0,"menu_order":10,"comment_status":"closed","ping_status":"closed","template":"","meta":{"ngg_post_thumbnail":0,"footnotes":""},"_links":{"self":[{"href":"https:\/\/kidsdance-kiel.de\/index.php?rest_route=\/wp\/v2\/pages\/53"}],"collection":[{"href":"https:\/\/kidsdance-kiel.de\/index.php?rest_route=\/wp\/v2\/pages"}],"about":[{"href":"https:\/\/kidsdance-kiel.de\/index.php?rest_route=\/wp\/v2\/types\/page"}],"author":[{"embeddable":true,"href":"https:\/\/kidsdance-kiel.de\/index.php?rest_route=\/wp\/v2\/users\/3"}],"replies":[{"embeddable":true,"href":"https:\/\/kidsdance-kiel.de\/index.php?rest_route=%2Fwp%2Fv2%2Fcomments&post=53"}],"version-history":[{"count":4,"href":"https:\/\/kidsdance-kiel.de\/index.php?rest_route=\/wp\/v2\/pages\/53\/revisions"}],"predecessor-version":[{"id":419,"href":"https:\/\/kidsdance-kiel.de\/index.php?rest_route=\/wp\/v2\/pages\/53\/revisions\/419"}],"wp:attachment":[{"href":"https:\/\/kidsdance-kiel.de\/index.php?rest_route=%2Fwp%2Fv2%2Fmedia&parent=53"}],"curies":[{"name":"wp","href":"https:\/\/api.w.org\/{rel}","templated":true}]}}