{"id":69,"date":"2018-03-27T08:48:40","date_gmt":"2018-03-27T06:48:40","guid":{"rendered":"http:\/\/kidsdance.tanzen-in-kiel.de\/?page_id=69"},"modified":"2021-06-04T10:09:40","modified_gmt":"2021-06-04T08:09:40","slug":"impressum","status":"publish","type":"page","link":"https:\/\/kidsdance-kiel.de\/?page_id=69","title":{"rendered":"Impressum"},"content":{"rendered":"<p>V.i.S.d.P. und Domaineigent\u00fcmer:<\/p>\n<p>J\u00f6rg Westphal (Vorsitzender) &#8211; Tanzen in Kiel e.V. &#8211; www.tanzen-in-kiel.de<\/p>\n<p>Unsere Texte und Bilder sind seit 2002 urheberrechtlich beim Patent- und Markenamt Kiel eingetragen und gesch\u00fctzt. Bitte kopieren Sie nicht ohne unsere Einwilligung. Vielen Dank!<\/p>\n<p><img loading=\"lazy\" decoding=\"async\" class=\"alignnone  wp-image-2063\" src=\"https:\/\/kidsdance-kiel.de\/wp-content\/uploads\/2021\/06\/Logo_Jubilaeum_wide-webklein-300x194.png\" alt=\"\" width=\"387\" height=\"250\" srcset=\"https:\/\/kidsdance-kiel.de\/wp-content\/uploads\/2021\/06\/Logo_Jubilaeum_wide-webklein-300x194.png 300w, https:\/\/kidsdance-kiel.de\/wp-content\/uploads\/2021\/06\/Logo_Jubilaeum_wide-webklein.png 448w\" sizes=\"(max-width: 387px) 100vw, 387px\" \/><\/p>\n<p>&nbsp;<\/p>\n<p>Unsere Homepage nutzt u. a. auch kostenfreie Angebote von kommerziellen Internet-Providern. Die damit verbundene Werbung \u00fcber Einblendungen oder Pop-Up &#8211; Fenstern muss von uns in Kauf genommen werden. Wir distanzieren uns jedoch von dieser Werbung ausdr\u00fccklich. Wir haben keinen Einfluss auf diese Werbung und k\u00f6nnen auch keine kommerziellen Einnahmen durch diese Werbung erzielen.<\/p>\n<p>Einige Links von unseren Seiten f\u00fchren zu kommerziellen Anbietern von Artikeln, die f\u00fcr den Tanzsport von Bedeutung sind. Auch diese Links f\u00fchren bei uns zu keinerlei kommerziellen Einnahmen. Sie dienen unseren Mitgliedern lediglich als vereinfachte Suche nach Zubeh\u00f6rartikeln.<\/p>\n<p>Haftungshinweis:<\/p>\n<p>Tanzen in Kiel e.V. \u00fcbernimmt keine Gew\u00e4hr f\u00fcr die Aktualit\u00e4t, Richtigkeit und Vollst\u00e4ndigkeit der Informationen auf diesen Seiten oder den jederzeitigen st\u00f6rungsfreien Zugang. Wenn wir auf Internetseiten Dritter verweisen (Links), \u00fcbernimmt Tanzen in Kiel e.V. trotz sorgf\u00e4ltiger inhaltlicher Kontrolle keine Haftung f\u00fcr die Inhalte externer Links. F\u00fcr den Inhalt der verlinkten Seiten sind ausschlie\u00dflich deren Betreiber verantwortlich. Mit dem Bet\u00e4tigen des Verweises verlassen Sie das Informationsangebot von Tanzen in Kiel e.V.. Weiterhin schlie\u00dft Tanzen in Kiel e.V. ihre Haftung bei Serviceleistungen aus, insbesondere beim Download von denen von uns zur Verf\u00fcgung gestellten Dateien auf den Internetseiten von Tanzen in Kiel e.V..<\/p>\n<p>Disclaimer:<\/p>\n<p>The department of dancesport does not assume any guarantees for the currentness, correctness and completeness of the information on this site or for trouble-free access to the site at all times. Whenever we refer to third-party Internet sites (links), the department of dancesport does not, despite careful review of the content, assume any liability for the content of the external links. The operators of the linked sites are solely and exclusively accountable for the content of such sites. When you click on a link, you leave the information site of the department of dancesport. Moreover, the department of dancesport excludes any liability for services, in particular during the download of files made available by the department of dancesport on the Internet site of the department of dancesport.<\/p>\n","protected":false},"excerpt":{"rendered":"<p>V.i.S.d.P. und Domaineigent\u00fcmer: J\u00f6rg Westphal (Vorsitzender) &#8211; Tanzen in Kiel e.V. &#8211; www.tanzen-in-kiel.de Unsere Texte und Bilder sind seit 2002 urheberrechtlich beim Patent- und Markenamt Kiel eingetragen und gesch\u00fctzt. Bitte kopieren Sie nicht ohne&#46;&#46;&#46;<\/p>\n","protected":false},"author":3,"featured_media":0,"parent":0,"menu_order":12,"comment_status":"closed","ping_status":"closed","template":"","meta":{"ngg_post_thumbnail":0,"footnotes":""},"_links":{"self":[{"href":"https:\/\/kidsdance-kiel.de\/index.php?rest_route=\/wp\/v2\/pages\/69"}],"collection":[{"href":"https:\/\/kidsdance-kiel.de\/index.php?rest_route=\/wp\/v2\/pages"}],"about":[{"href":"https:\/\/kidsdance-kiel.de\/index.php?rest_route=\/wp\/v2\/types\/page"}],"author":[{"embeddable":true,"href":"https:\/\/kidsdance-kiel.de\/index.php?rest_route=\/wp\/v2\/users\/3"}],"replies":[{"embeddable":true,"href":"https:\/\/kidsdance-kiel.de\/index.php?rest_route=%2Fwp%2Fv2%2Fcomments&post=69"}],"version-history":[{"count":5,"href":"https:\/\/kidsdance-kiel.de\/index.php?rest_route=\/wp\/v2\/pages\/69\/revisions"}],"predecessor-version":[{"id":2064,"href":"https:\/\/kidsdance-kiel.de\/index.php?rest_route=\/wp\/v2\/pages\/69\/revisions\/2064"}],"wp:attachment":[{"href":"https:\/\/kidsdance-kiel.de\/index.php?rest_route=%2Fwp%2Fv2%2Fmedia&parent=69"}],"curies":[{"name":"wp","href":"https:\/\/api.w.org\/{rel}","templated":true}]}}