{"id":876,"date":"2019-01-30T23:41:39","date_gmt":"2019-01-30T21:41:39","guid":{"rendered":"http:\/\/www.kidsdance-kiel.de\/?page_id=876"},"modified":"2019-08-20T09:36:27","modified_gmt":"2019-08-20T07:36:27","slug":"weihnachtsfeier-2016","status":"publish","type":"page","link":"https:\/\/kidsdance-kiel.de\/?page_id=876","title":{"rendered":"Weihnachtsfeier 2016"},"content":{"rendered":"\n<p>Wir haben bei dieser Weihnachtsfeier unser Starterpaket &#8222;kein Kind ohne Sport&#8220; von der Sportjugend Schleswig-Holstein verliehen bekommen. Darin enthalten sind tolle Materialien f\u00fcrs Training wie zum Beispiel T\u00fccher oder ein Schwungtuch.<\/p>\n\n\n\n<p>F\u00fcr die Fotos bedanken wir uns bei Peter Fichtner<\/p>\n\n\n\nngg_shortcode_0_placeholder\n","protected":false},"excerpt":{"rendered":"<p>Wir haben bei dieser Weihnachtsfeier unser Starterpaket &#8222;kein Kind ohne Sport&#8220; von der Sportjugend Schleswig-Holstein verliehen bekommen. Darin enthalten sind tolle Materialien f\u00fcrs Training wie zum Beispiel T\u00fccher oder ein Schwungtuch. F\u00fcr die Fotos&#46;&#46;&#46;<\/p>\n","protected":false},"author":3,"featured_media":0,"parent":0,"menu_order":0,"comment_status":"closed","ping_status":"closed","template":"","meta":{"ngg_post_thumbnail":0,"footnotes":""},"_links":{"self":[{"href":"https:\/\/kidsdance-kiel.de\/index.php?rest_route=\/wp\/v2\/pages\/876"}],"collection":[{"href":"https:\/\/kidsdance-kiel.de\/index.php?rest_route=\/wp\/v2\/pages"}],"about":[{"href":"https:\/\/kidsdance-kiel.de\/index.php?rest_route=\/wp\/v2\/types\/page"}],"author":[{"embeddable":true,"href":"https:\/\/kidsdance-kiel.de\/index.php?rest_route=\/wp\/v2\/users\/3"}],"replies":[{"embeddable":true,"href":"https:\/\/kidsdance-kiel.de\/index.php?rest_route=%2Fwp%2Fv2%2Fcomments&post=876"}],"version-history":[{"count":4,"href":"https:\/\/kidsdance-kiel.de\/index.php?rest_route=\/wp\/v2\/pages\/876\/revisions"}],"predecessor-version":[{"id":1669,"href":"https:\/\/kidsdance-kiel.de\/index.php?rest_route=\/wp\/v2\/pages\/876\/revisions\/1669"}],"wp:attachment":[{"href":"https:\/\/kidsdance-kiel.de\/index.php?rest_route=%2Fwp%2Fv2%2Fmedia&parent=876"}],"curies":[{"name":"wp","href":"https:\/\/api.w.org\/{rel}","templated":true}]}}